{"id":256,"date":"2018-09-07T11:07:48","date_gmt":"2018-09-07T11:07:48","guid":{"rendered":"https:\/\/typestudio.de\/?page_id=256"},"modified":"2018-11-19T10:15:24","modified_gmt":"2018-11-19T10:15:24","slug":"kontakt","status":"publish","type":"page","link":"https:\/\/typestudio.de\/?page_id=256","title":{"rendered":"Kontakt"},"content":{"rendered":"<p>[et_pb_section fb_built=&#8220;1&#8243; background_color=&#8220;#ededed&#8220; inner_shadow=&#8220;on&#8220; _builder_version=&#8220;3.6&#8243;][et_pb_row _builder_version=&#8220;3.6&#8243;][et_pb_column type=&#8220;1_3&#8243; _builder_version=&#8220;3.6&#8243; parallax=&#8220;off&#8220; parallax_method=&#8220;on&#8220;][et_pb_blurb use_icon=&#8220;on&#8220; use_circle=&#8220;on&#8220; circle_color=&#8220;#e02b20&#8243; use_icon_font_size=&#8220;on&#8220; icon_font_size=&#8220;65px&#8220; _builder_version=&#8220;3.6&#8243; font_icon=&#8220;%%109%%&#8220;]<\/p>\n<p style=\"text-align: center;\"><strong>Email<\/strong><\/p>\n<p style=\"text-align: center;\">info@typestudio.de\/<\/p>\n<p>[\/et_pb_blurb][\/et_pb_column][et_pb_column type=&#8220;1_3&#8243; _builder_version=&#8220;3.6&#8243; parallax=&#8220;off&#8220; parallax_method=&#8220;on&#8220;][et_pb_blurb use_icon=&#8220;on&#8220; use_circle=&#8220;on&#8220; circle_color=&#8220;#e02b20&#8243; use_icon_font_size=&#8220;on&#8220; icon_font_size=&#8220;65px&#8220; _builder_version=&#8220;3.6&#8243; font_icon=&#8220;%%104%%&#8220;]<\/p>\n<p style=\"text-align: center;\"><strong>Telefon<\/strong><\/p>\n<p style=\"text-align: center;\">06102 291756<\/p>\n<p>[\/et_pb_blurb][\/et_pb_column][et_pb_column type=&#8220;1_3&#8243; _builder_version=&#8220;3.6&#8243; parallax=&#8220;off&#8220; parallax_method=&#8220;on&#8220;][et_pb_blurb use_icon=&#8220;on&#8220; use_circle=&#8220;on&#8220; circle_color=&#8220;#e02b20&#8243; use_icon_font_size=&#8220;on&#8220; icon_font_size=&#8220;65px&#8220; _builder_version=&#8220;3.6&#8243; font_icon=&#8220;%%122%%&#8220;]<\/p>\n<p style=\"text-align: center;\"><strong>Adresse<\/strong><\/p>\n<p style=\"text-align: center;\"><span>TypeStudio Evertz GmbH<br \/>Martin-Behaim-Stra\u00dfe 26, 63263 Neu-Isenburg<\/span><\/p>\n<p>[\/et_pb_blurb][\/et_pb_column][\/et_pb_row][\/et_pb_section][et_pb_section fb_built=&#8220;1&#8243; _builder_version=&#8220;3.6&#8243;][et_pb_row _builder_version=&#8220;3.6&#8243;][et_pb_column type=&#8220;4_4&#8243; _builder_version=&#8220;3.0.47&#8243; parallax=&#8220;off&#8220; parallax_method=&#8220;on&#8220;][et_pb_text _builder_version=&#8220;3.6&#8243;]<div class=\"caldera-grid\" id=\"caldera_form_1\" data-cf-ver=\"1.9.4\" data-cf-form-id=\"CF5b9150c54a5b0\"><div id=\"caldera_notices_1\" data-spinner=\"https:\/\/typestudio.de\/wp-admin\/images\/spinner.gif\"><\/div><form data-instance=\"1\" class=\"CF5b9150c54a5b0 caldera_forms_form cfajax-trigger\" method=\"POST\" enctype=\"multipart\/form-data\" id=\"CF5b9150c54a5b0_1\" data-form-id=\"CF5b9150c54a5b0\" aria-label=\"Kontaktformular\" data-target=\"#caldera_notices_1\" data-template=\"#cfajax_CF5b9150c54a5b0-tmpl\" data-cfajax=\"CF5b9150c54a5b0\" data-load-element=\"_parent\" data-load-class=\"cf_processing\" data-post-disable=\"0\" data-action=\"cf_process_ajax_submit\" data-request=\"https:\/\/typestudio.de\/?cf_api=CF5b9150c54a5b0\" data-hiderows=\"true\">\r\n<input type=\"hidden\" id=\"_cf_verify_CF5b9150c54a5b0\" name=\"_cf_verify\" value=\"7292958339\"  data-nonce-time=\"1777978208\" \/><input type=\"hidden\" name=\"_wp_http_referer\" value=\"\/index.php?rest_route=%2Fwp%2Fv2%2Fpages%2F256\" \/><div id=\"cf2-CF5b9150c54a5b0_1\"><\/div><input type=\"hidden\" name=\"_cf_frm_id\" value=\"CF5b9150c54a5b0\">\r\n<input type=\"hidden\" name=\"_cf_frm_ct\" value=\"1\">\r\n<input type=\"hidden\" name=\"cfajax\" value=\"CF5b9150c54a5b0\">\r\n<input type=\"hidden\" name=\"_cf_cr_pst\" value=\"256\">\r\n<div class=\"hide\" style=\"display:none; overflow:hidden;height:0;width:0;\">\r\n<label>Web Site<\/label><input type=\"text\" name=\"web_site\" value=\"\" autocomplete=\"off\">\r\n<\/div><div id=\"CF5b9150c54a5b0_1-row-1\"  class=\"row  first_row\"><div  class=\"col-sm-6  first_col\"><div data-field-wrapper=\"fld_8768091\" class=\"form-group\" id=\"fld_8768091_1-wrap\">\r\n\t<label id=\"fld_8768091Label\" for=\"fld_8768091_1\" class=\"control-label\">Vorname <span aria-hidden=\"true\" role=\"presentation\" class=\"field_required\" style=\"color:#ee0000;\">*<\/span><\/label>\r\n\t<div class=\"\">\r\n\t\t<input   required type=\"text\" data-field=\"fld_8768091\" class=\" form-control\" id=\"fld_8768091_1\" name=\"fld_8768091\" value=\"\" data-type=\"text\" aria-required=\"true\"   aria-labelledby=\"fld_8768091Label\" >\t\t\t<\/div>\r\n<\/div>\r\n<\/div><div  class=\"col-sm-6  last_col\"><div data-field-wrapper=\"fld_9970286\" class=\"form-group\" id=\"fld_9970286_1-wrap\">\r\n\t<label id=\"fld_9970286Label\" for=\"fld_9970286_1\" class=\"control-label\">Nachname <span aria-hidden=\"true\" role=\"presentation\" class=\"field_required\" style=\"color:#ee0000;\">*<\/span><\/label>\r\n\t<div class=\"\">\r\n\t\t<input   required type=\"text\" data-field=\"fld_9970286\" class=\" form-control\" id=\"fld_9970286_1\" name=\"fld_9970286\" value=\"\" data-type=\"text\" aria-required=\"true\"   aria-labelledby=\"fld_9970286Label\" >\t\t\t<\/div>\r\n<\/div>\r\n<\/div><\/div><div id=\"CF5b9150c54a5b0_1-row-2\"  class=\"row \"><div  class=\"col-sm-6  first_col\"><div data-field-wrapper=\"fld_9100231\" class=\"form-group\" id=\"fld_9100231_1-wrap\">\r\n\t<label id=\"fld_9100231Label\" for=\"fld_9100231_1\" class=\"control-label\">E-Mail Adresse <span aria-hidden=\"true\" role=\"presentation\" class=\"field_required\" style=\"color:#ee0000;\">*<\/span><\/label>\r\n\t<div class=\"\">\r\n\t\t<input   required type=\"email\" data-field=\"fld_9100231\" class=\" form-control\" id=\"fld_9100231_1\" name=\"fld_9100231\" value=\"\" data-type=\"email\" aria-required=\"true\"   aria-labelledby=\"fld_9100231Label\" >\t\t\t<\/div>\r\n<\/div>\r\n<\/div><div  class=\"col-sm-6  last_col\"><div data-field-wrapper=\"fld_4890377\" class=\"form-group\" id=\"fld_4890377_1-wrap\">\r\n\t<label id=\"fld_4890377Label\" for=\"fld_4890377_1\" class=\"control-label\">Telefonnummer<\/label>\r\n\t<div class=\"\">\r\n\t\t<input    type=\"text\" data-field=\"fld_4890377\" class=\" form-control\" id=\"fld_4890377_1\" name=\"fld_4890377\" value=\"\" data-type=\"text\"   aria-labelledby=\"fld_4890377Label\" >\t\t\t<\/div>\r\n<\/div>\r\n<\/div><\/div><div id=\"CF5b9150c54a5b0_1-row-3\"  class=\"row \"><div  class=\"col-sm-12  single\"><div data-field-wrapper=\"fld_3029365\" class=\"form-group\" id=\"fld_3029365_1-wrap\">\r\n\t<label id=\"fld_3029365Label\" for=\"fld_3029365_1\" class=\"control-label\">Ist Ihre Anfrage privat oder gewerblich? <span aria-hidden=\"true\" role=\"presentation\" class=\"field_required\" style=\"color:#ee0000;\">*<\/span><\/label>\r\n\t<div class=\"\">\r\n\t\t\t\t\t\t\t\t\t\t\t<div class=\"checkbox\">\n\t\t\t\t\n                <label                         for=\"fld_3029365_1_opt2047620\"\n                >\n                            <input\n                                data-parsley-required=\"true\" data-parsley-group=\"fld_3029365_1\" data-parsley-multiple=\"fld_3029365_1\"                                type=\"checkbox\"\n                                data-label=\"Privatkunde\"\n                                data-field=\"fld_3029365\"\n                                id=\"fld_3029365_1_opt2047620\"\n                                class=\"fld_3029365_1 option-required\"\n                                name=\"fld_3029365[opt2047620]\"\n                                value=\"Privatkunde\"\n                                                                data-type=\"checkbox\"\n                                data-checkbox-field=\"fld_3029365_1\"\n                                                                data-calc-value=\"Privatkunde\"\n                            >\n                    Privatkunde                <\/label>\n\n                \t\t\t\t\t<\/div>\n\t\t\t\t\t\t\t\t\t\t\t\t\t\t\t\t\t<div class=\"checkbox\">\n\t\t\t\t\n                <label                         for=\"fld_3029365_1_opt1450899\"\n                >\n                            <input\n                                data-parsley-required=\"true\" data-parsley-group=\"fld_3029365_1\" data-parsley-multiple=\"fld_3029365_1\"                                type=\"checkbox\"\n                                data-label=\"Gewerbekunde\"\n                                data-field=\"fld_3029365\"\n                                id=\"fld_3029365_1_opt1450899\"\n                                class=\"fld_3029365_1 option-required\"\n                                name=\"fld_3029365[opt1450899]\"\n                                value=\"Gewerbekunde\"\n                                                                data-type=\"checkbox\"\n                                data-checkbox-field=\"fld_3029365_1\"\n                                                                data-calc-value=\"Gewerbekunde\"\n                            >\n                    Gewerbekunde                <\/label>\n\n                \t\t\t\t\t<\/div>\n\t\t\t\t\t\t\t\t\t\t\t<\/div>\r\n<\/div>\r\n<\/div><\/div><div id=\"CF5b9150c54a5b0_1-row-4\"  class=\"row \"><div  class=\"col-sm-12  single\"><div data-field-wrapper=\"fld_8659476\" class=\"form-group\" id=\"fld_8659476_1-wrap\">\r\n\t<label id=\"fld_8659476Label\" for=\"fld_8659476_1\" class=\"control-label\">Ihre Nachricht<\/label>\r\n\t<div class=\"\">\r\n\t\t<textarea name=\"fld_8659476\" value=\"\" data-field=\"fld_8659476\" class=\"form-control\" id=\"fld_8659476_1\" rows=\"4\"    aria-labelledby=\"fld_8659476Label\" ><\/textarea>\n\t\t\t<\/div>\r\n<\/div>\r\n<\/div><\/div><div id=\"CF5b9150c54a5b0_1-row-5\"  class=\"row \"><div  class=\"col-sm-12  single\"><div data-field-wrapper=\"fld_5175647\" class=\"form-group\" id=\"fld_5175647_1-wrap\">\r\n\t<label id=\"fld_5175647Label\" for=\"fld_5175647_1\" class=\"control-label\">Einverst\u00e4ndnis zur Datensch\u00fctzerkl\u00e4rung <span aria-hidden=\"true\" role=\"presentation\" class=\"field_required\" style=\"color:#ee0000;\">*<\/span><\/label>\r\n\t<div class=\"\">\r\n\t\t\t\t\t\t\t\t\t\t\t<div class=\"checkbox\">\n\t\t\t\t\n                <label                         for=\"fld_5175647_1_opt1347600\"\n                >\n                            <input\n                                data-parsley-required=\"true\" data-parsley-group=\"fld_5175647_1\" data-parsley-multiple=\"fld_5175647_1\"                                type=\"checkbox\"\n                                data-label=\"Ich bin einverstanden!\"\n                                data-field=\"fld_5175647\"\n                                id=\"fld_5175647_1_opt1347600\"\n                                class=\"fld_5175647_1 option-required\"\n                                name=\"fld_5175647[opt1347600]\"\n                                value=\"Ich bin einverstanden!\"\n                                                                data-type=\"checkbox\"\n                                data-checkbox-field=\"fld_5175647_1\"\n                                                                data-calc-value=\"Ich bin einverstanden!\"\n                            >\n                    Ich bin einverstanden!                <\/label>\n\n                \t\t\t\t\t<\/div>\n\t\t\t\t\t\t\t\t\t\t\t<\/div>\r\n<\/div>\r\n<\/div><\/div><div id=\"CF5b9150c54a5b0_1-row-6\"  class=\"row \"><div  class=\"col-sm-12  single\"><div class=\"\"><p>Wir ben\u00f6tigen Ihren Namen, um Sie ansprechen zu k\u00f6nnen und Ihre Email Adresse um Kontakt zu Ihnen aufzunehmen. Je genauer Sie Ihre Anfrage stellen, desto effektiver k\u00f6nnen wir auf Ihre Anfrage eingehen. Unsere Angebote richten sich an Privatpersonen sowie Unternehmen und Selbst\u00e4ndige. Deine Daten werden danke SSL gesichert \u00fcbertragen. Sie erkl\u00e4ren sich damit einverstanden, dass Ihre Angaben zur Kontaktaufnahme und Verarbeitung verwendet werden d\u00fcrfen. Mehr Informationen dazu unter <a href=\"https:\/\/typestudio.de\/datenschutz\/\">Datenschutz<\/a><\/p>\n<\/div><\/div><\/div><div id=\"CF5b9150c54a5b0_1-row-7\"  class=\"row  last_row\"><div  class=\"col-sm-12  single\"><div data-field-wrapper=\"fld_3292042\" class=\"form-group\" id=\"fld_3292042_1-wrap\">\r\n<div class=\"\">\r\n\t<input  class=\"btn btn-default\" type=\"submit\" name=\"fld_3292042\" id=\"fld_3292042_1\" value=\"Kostenfreie Anfrage jetzt absenden!\" data-field=\"fld_3292042\"  >\n<\/div>\r\n<\/div>\r\n\t<input class=\"button_trigger_1\" type=\"hidden\" name=\"fld_3292042\" id=\"fld_3292042_1_btn\" value=\"\" data-field=\"fld_3292042\"  \/>\n<\/div><\/div><\/form>\r\n<\/div>\r\n<br \/>\n[\/et_pb_text][\/et_pb_column][\/et_pb_row][\/et_pb_section]<\/p>\n","protected":false},"excerpt":{"rendered":"<p>[et_pb_section fb_built=&#8220;1&#8243; background_color=&#8220;#ededed&#8220; inner_shadow=&#8220;on&#8220; _builder_version=&#8220;3.6&#8243;][et_pb_row _builder_version=&#8220;3.6&#8243;][et_pb_column type=&#8220;1_3&#8243; _builder_version=&#8220;3.6&#8243; parallax=&#8220;off&#8220; parallax_method=&#8220;on&#8220;][et_pb_blurb use_icon=&#8220;on&#8220; use_circle=&#8220;on&#8220; circle_color=&#8220;#e02b20&#8243; use_icon_font_size=&#8220;on&#8220; icon_font_size=&#8220;65px&#8220; _builder_version=&#8220;3.6&#8243; font_icon=&#8220;%%109%%&#8220;] Email info@typestudio.de\/ [\/et_pb_blurb][\/et_pb_column][et_pb_column type=&#8220;1_3&#8243; _builder_version=&#8220;3.6&#8243; parallax=&#8220;off&#8220; parallax_method=&#8220;on&#8220;][et_pb_blurb use_icon=&#8220;on&#8220; use_circle=&#8220;on&#8220; circle_color=&#8220;#e02b20&#8243; use_icon_font_size=&#8220;on&#8220; icon_font_size=&#8220;65px&#8220; _builder_version=&#8220;3.6&#8243; font_icon=&#8220;%%104%%&#8220;] Telefon 06102 291756 [\/et_pb_blurb][\/et_pb_column][et_pb_column type=&#8220;1_3&#8243; _builder_version=&#8220;3.6&#8243; parallax=&#8220;off&#8220; parallax_method=&#8220;on&#8220;][et_pb_blurb use_icon=&#8220;on&#8220; use_circle=&#8220;on&#8220; circle_color=&#8220;#e02b20&#8243; use_icon_font_size=&#8220;on&#8220; icon_font_size=&#8220;65px&#8220; _builder_version=&#8220;3.6&#8243; font_icon=&#8220;%%122%%&#8220;] Adresse TypeStudio Evertz GmbHMartin-Behaim-Stra\u00dfe 26, 63263 Neu-Isenburg [\/et_pb_blurb][\/et_pb_column][\/et_pb_row][\/et_pb_section][et_pb_section fb_built=&#8220;1&#8243; [&hellip;]<\/p>\n","protected":false},"author":1,"featured_media":0,"parent":0,"menu_order":0,"comment_status":"closed","ping_status":"closed","template":"","meta":{"_et_pb_use_builder":"on","_et_pb_old_content":"","footnotes":""},"class_list":["post-256","page","type-page","status-publish","hentry"],"_links":{"self":[{"href":"https:\/\/typestudio.de\/index.php?rest_route=\/wp\/v2\/pages\/256","targetHints":{"allow":["GET"]}}],"collection":[{"href":"https:\/\/typestudio.de\/index.php?rest_route=\/wp\/v2\/pages"}],"about":[{"href":"https:\/\/typestudio.de\/index.php?rest_route=\/wp\/v2\/types\/page"}],"author":[{"embeddable":true,"href":"https:\/\/typestudio.de\/index.php?rest_route=\/wp\/v2\/users\/1"}],"replies":[{"embeddable":true,"href":"https:\/\/typestudio.de\/index.php?rest_route=%2Fwp%2Fv2%2Fcomments&post=256"}],"version-history":[{"count":8,"href":"https:\/\/typestudio.de\/index.php?rest_route=\/wp\/v2\/pages\/256\/revisions"}],"predecessor-version":[{"id":452,"href":"https:\/\/typestudio.de\/index.php?rest_route=\/wp\/v2\/pages\/256\/revisions\/452"}],"wp:attachment":[{"href":"https:\/\/typestudio.de\/index.php?rest_route=%2Fwp%2Fv2%2Fmedia&parent=256"}],"curies":[{"name":"wp","href":"https:\/\/api.w.org\/{rel}","templated":true}]}}