{"id":14,"date":"2018-07-05T10:53:07","date_gmt":"2018-07-05T10:53:07","guid":{"rendered":"https:\/\/typestudio.de\/?page_id=14"},"modified":"2019-01-30T13:25:03","modified_gmt":"2019-01-30T13:25:03","slug":"paper-type","status":"publish","type":"page","link":"https:\/\/typestudio.de\/?page_id=14","title":{"rendered":"Paper &#038; Type"},"content":{"rendered":"<p>[et_pb_section fb_built=&#8220;1&#8243; admin_label=&#8220;Hero Section&#8220; _builder_version=&#8220;3.17.6&#8243; use_background_color_gradient=&#8220;on&#8220; background_color_gradient_start=&#8220;rgba(0,0,0,0.73)&#8220; background_color_gradient_end=&#8220;rgba(0,0,0,0)&#8220; background_color_gradient_direction=&#8220;151deg&#8220; background_color_gradient_overlays_image=&#8220;on&#8220; background_image=&#8220;https:\/\/typestudio.de\/wp-content\/uploads\/2018\/07\/desktop-1985856_1920.jpg&#8220; custom_margin=&#8220;|||&#8220; custom_padding=&#8220;6.6%||6.6%||true|false&#8220; animation_style=&#8220;fade&#8220;][et_pb_row custom_padding=&#8220;27px|0px|0|0px|false|false&#8220; _builder_version=&#8220;3.0.90&#8243;][et_pb_column type=&#8220;4_4&#8243; _builder_version=&#8220;3.0.47&#8243; parallax=&#8220;off&#8220; parallax_method=&#8220;on&#8220;][et_pb_text _builder_version=&#8220;3.0.90&#8243; text_font=&#8220;||||||||&#8220; text_font_size=&#8220;24px&#8220; text_line_height=&#8220;1.6em&#8220; header_font=&#8220;Nunito||||||||&#8220; header_font_size=&#8220;80px&#8220; header_font_size_phone=&#8220;48px&#8220; header_font_size_last_edited=&#8220;on|phone&#8220; header_line_height=&#8220;1.1em&#8220; header_2_font=&#8220;||||||||&#8220; text_orientation=&#8220;center&#8220; background_layout=&#8220;dark&#8220; module_alignment=&#8220;center&#8220;]<\/p>\n<h1>Paper &amp; Type<\/h1>\n<p>&nbsp;<\/p>\n<p>[\/et_pb_text][et_pb_button button_url=&#8220;\/kontakt\/&#8220; url_new_window=&#8220;on&#8220; button_text=&#8220;Jetzt Kontakt aufnehmen!&#8220; button_alignment=&#8220;center&#8220; _builder_version=&#8220;3.17.6&#8243; custom_button=&#8220;on&#8220; button_text_size=&#8220;20px&#8220; button_text_color=&#8220;#ffffff&#8220; button_bg_color=&#8220;#e02b20&#8243; button_border_width=&#8220;0px&#8220; button_font=&#8220;||||||||&#8220; button_text_shadow_style=&#8220;preset1&#8243; button_text_size__hover_enabled=&#8220;off&#8220; button_one_text_size__hover_enabled=&#8220;off&#8220; button_two_text_size__hover_enabled=&#8220;off&#8220; button_text_color__hover_enabled=&#8220;off&#8220; button_one_text_color__hover_enabled=&#8220;off&#8220; button_two_text_color__hover_enabled=&#8220;off&#8220; button_border_width__hover_enabled=&#8220;off&#8220; button_one_border_width__hover_enabled=&#8220;off&#8220; button_two_border_width__hover_enabled=&#8220;off&#8220; button_border_color__hover_enabled=&#8220;off&#8220; button_one_border_color__hover_enabled=&#8220;off&#8220; button_two_border_color__hover_enabled=&#8220;off&#8220; button_border_radius__hover_enabled=&#8220;off&#8220; button_one_border_radius__hover_enabled=&#8220;off&#8220; button_two_border_radius__hover_enabled=&#8220;off&#8220; button_letter_spacing__hover_enabled=&#8220;off&#8220; button_one_letter_spacing__hover_enabled=&#8220;off&#8220; button_two_letter_spacing__hover_enabled=&#8220;off&#8220; button_bg_color__hover_enabled=&#8220;off&#8220; button_one_bg_color__hover_enabled=&#8220;off&#8220; button_two_bg_color__hover_enabled=&#8220;off&#8220;]&nbsp;<br \/>\n[\/et_pb_button][\/et_pb_column][\/et_pb_row][\/et_pb_section][et_pb_section fb_built=&#8220;1&#8243; admin_label=&#8220;Explore Story Section&#8220; _builder_version=&#8220;3.6&#8243; border_color_top=&#8220;#f7f7f7&#8243; border_color_bottom=&#8220;#f7f7f7&#8243; custom_padding=&#8220;54px||54px||true|false&#8220;][et_pb_row use_custom_width=&#8220;on&#8220; width_unit=&#8220;off&#8220; custom_width_percent=&#8220;100%&#8220; custom_padding=&#8220;0||0||false|false&#8220; admin_label=&#8220;Text Area&#8220; _builder_version=&#8220;3.6&#8243;][et_pb_column type=&#8220;4_4&#8243; _builder_version=&#8220;3.0.47&#8243; parallax=&#8220;off&#8220; parallax_method=&#8220;on&#8220;][et_pb_text admin_label=&#8220;Title&#8220; _builder_version=&#8220;3.6&#8243; text_font=&#8220;||||||||&#8220; header_font=&#8220;||||||||&#8220; header_2_font=&#8220;Nunito||||||||&#8220; header_2_text_align=&#8220;center&#8220; header_2_text_color=&#8220;#263954&#8243; header_2_font_size=&#8220;36px&#8220; header_2_line_height=&#8220;1.4em&#8220; custom_margin=&#8220;||5px|&#8220; animation_style=&#8220;zoom&#8220; animation_direction=&#8220;bottom&#8220; animation_starting_opacity=&#8220;100%&#8220;]<\/p>\n<h2><span>Einladungskarten perfekt abgestimmt<\/span><\/h2>\n<p>[\/et_pb_text][et_pb_divider color=&#8220;#e02b20&#8243; divider_position=&#8220;center&#8220; divider_weight=&#8220;2px&#8220; _builder_version=&#8220;3.6&#8243; max_width=&#8220;50px&#8220; module_alignment=&#8220;center&#8220;]<br \/>\n[\/et_pb_divider][\/et_pb_column][\/et_pb_row][et_pb_row use_custom_width=&#8220;on&#8220; width_unit=&#8220;off&#8220; custom_width_percent=&#8220;55%&#8220; custom_padding=&#8220;20px||0||false|false&#8220; admin_label=&#8220;Text Area&#8220; _builder_version=&#8220;3.6&#8243;][et_pb_column type=&#8220;4_4&#8243; _builder_version=&#8220;3.0.47&#8243; parallax=&#8220;off&#8220; parallax_method=&#8220;on&#8220;][et_pb_text _builder_version=&#8220;3.17.6&#8243; text_font=&#8220;||||||||&#8220; text_text_color=&#8220;#777777&#8243; text_font_size=&#8220;17px&#8220; text_line_height=&#8220;1.8em&#8220; header_font=&#8220;||||||||&#8220; module_alignment=&#8220;center&#8220; animation_style=&#8220;fold&#8220; animation_direction=&#8220;bottom&#8220; animation_intensity_fold=&#8220;20%&#8220; animation_starting_opacity=&#8220;100%&#8220;]<\/p>\n<p style=\"text-align: center;\"><span>Die Auswahl an Schriften ist \u00e4hnlich gro\u00df wie die Auswahl an Papier. F\u00fcr jeden Anlass existieren der geeignete Bedruckstoff und die passende Typo. Beide senden starke Signale aus und beschreiben schon durch ihre Gestaltung die Art der Veranstaltung: f\u00f6rmlich oder famili\u00e4r, Business oder Party. Verleihen Sie Ihren Einladungen den passenden Rahmen. <\/span><\/p>\n<p>[\/et_pb_text][\/et_pb_column][\/et_pb_row][\/et_pb_section][et_pb_section fb_built=&#8220;1&#8243; admin_label=&#8220;Feature Section&#8220; _builder_version=&#8220;3.17.6&#8243; use_background_color_gradient=&#8220;on&#8220; background_color_gradient_start=&#8220;rgba(0,0,0,0.79)&#8220; background_color_gradient_end=&#8220;rgba(0,0,0,0.15)&#8220; background_color_gradient_direction=&#8220;214deg&#8220; background_color_gradient_overlays_image=&#8220;on&#8220; background_image=&#8220;https:\/\/typestudio.de\/wp-content\/uploads\/2018\/07\/love-1284492_1920.jpg&#8220; custom_padding=&#8220;70px||70px||true|false&#8220;][et_pb_row admin_label=&#8220;Feature 01&#8243; _builder_version=&#8220;3.0.83&#8243;][et_pb_column type=&#8220;1_3&#8243; _builder_version=&#8220;3.0.47&#8243; parallax=&#8220;off&#8220; parallax_method=&#8220;on&#8220;][\/et_pb_column][et_pb_column type=&#8220;1_3&#8243; _builder_version=&#8220;3.0.47&#8243; parallax=&#8220;off&#8220; parallax_method=&#8220;on&#8220;][\/et_pb_column][et_pb_column type=&#8220;1_3&#8243; _builder_version=&#8220;3.0.47&#8243; parallax=&#8220;off&#8220; parallax_method=&#8220;on&#8220;][et_pb_text admin_label=&#8220;Title&#8220; _builder_version=&#8220;3.17.6&#8243; text_font=&#8220;||||||||&#8220; header_font=&#8220;||||||||&#8220; header_2_font=&#8220;Nunito||||||||&#8220; header_2_font_size=&#8220;36px&#8220; header_2_line_height=&#8220;1.4em&#8220; background_layout=&#8220;dark&#8220; module_alignment=&#8220;right&#8220; custom_margin=&#8220;||5px|&#8220; custom_padding=&#8220;|||&#8220; animation_style=&#8220;fold&#8220; animation_direction=&#8220;bottom&#8220; animation_intensity_fold=&#8220;20%&#8220; animation_starting_opacity=&#8220;100%&#8220;]<\/p>\n<h2><span style=\"font-weight: 400;\">Optimal zusammengestellt <\/span><\/h2>\n<p>[\/et_pb_text][et_pb_text _builder_version=&#8220;3.17.6&#8243; text_font=&#8220;||||||||&#8220; text_font_size=&#8220;17px&#8220; text_line_height=&#8220;1.8em&#8220; header_font=&#8220;||||||||&#8220; background_layout=&#8220;dark&#8220; module_alignment=&#8220;right&#8220; animation_style=&#8220;fold&#8220; animation_direction=&#8220;bottom&#8220; animation_intensity_fold=&#8220;20%&#8220; animation_starting_opacity=&#8220;100%&#8220;]<\/p>\n<p><span style=\"font-weight: 400;\">Wir beraten Sie gern zu weiteren Produkten rund um Ihren Kartendruck. F\u00fcr Hochzeitskarten und die Einladung an entfernte G\u00e4ste finden Sie in unserem umfassenden Sortiment sogar das passende Kuvert. Ihre Geburtstagskarten oder Weihnachtskarten erscheinen auf hochwertigem Papier, sind klappbar oder als Postkarte zu versenden. <\/span><\/p>\n<p>[\/et_pb_text][\/et_pb_column][\/et_pb_row][\/et_pb_section][et_pb_section fb_built=&#8220;1&#8243; admin_label=&#8220;Feature Section&#8220; _builder_version=&#8220;3.0.83&#8243; custom_padding=&#8220;0px||0px|&#8220;][et_pb_row make_fullwidth=&#8220;on&#8220; use_custom_gutter=&#8220;on&#8220; gutter_width=&#8220;1&#8243; custom_padding=&#8220;0px||0px|&#8220; make_equal=&#8220;on&#8220; bg_img_1=&#8220;https:\/\/typestudio.de\/wp-content\/uploads\/2018\/07\/with-love-1276505_1920.jpg&#8220; bg_img_2=&#8220;https:\/\/typestudio.de\/wp-content\/uploads\/2018\/07\/baptism-1885303_1920.jpg&#8220; use_background_color_gradient_1=&#8220;on&#8220; use_background_color_gradient_2=&#8220;on&#8220; background_color_gradient_start_1=&#8220;rgba(0,0,0,0.9)&#8220; background_color_gradient_start_2=&#8220;rgba(0,0,0,0.67)&#8220; background_color_gradient_end_1=&#8220;rgba(0,0,0,0.15)&#8220; background_color_gradient_end_2=&#8220;rgba(0,0,0,0.15)&#8220; background_color_gradient_direction_1=&#8220;353deg&#8220; background_color_gradient_overlays_image_1=&#8220;on&#8220; background_color_gradient_overlays_image_2=&#8220;on&#8220; padding_top_1=&#8220;500px&#8220; padding_top_2=&#8220;110px&#8220; padding_bottom_1=&#8220;110px&#8220; padding_bottom_2=&#8220;500px&#8220; padding_left_1=&#8220;5%&#8220; padding_left_2=&#8220;5%&#8220; admin_label=&#8220;Feature 02 &#038; Feature 03&#8243; _builder_version=&#8220;3.17.6&#8243;][et_pb_column type=&#8220;1_3&#8243; _builder_version=&#8220;3.0.47&#8243; padding_bottom=&#8220;110px&#8220; padding_left=&#8220;5%&#8220; padding_top=&#8220;500px&#8220; bg_img=&#8220;https:\/\/typestudio.de\/wp-content\/uploads\/2018\/07\/with-love-1276505_1920.jpg&#8220; parallax=&#8220;off&#8220; parallax_method=&#8220;on&#8220; use_background_color_gradient=&#8220;on&#8220; background_color_gradient_start=&#8220;rgba(0,0,0,0.9)&#8220; background_color_gradient_end=&#8220;rgba(0,0,0,0.15)&#8220; background_color_gradient_direction=&#8220;353deg&#8220; background_color_gradient_overlays_image=&#8220;on&#8220;][et_pb_text admin_label=&#8220;Title&#8220; _builder_version=&#8220;3.17.6&#8243; text_font=&#8220;||||||||&#8220; header_font=&#8220;||||||||&#8220; header_2_font=&#8220;Nunito||||||||&#8220; header_2_font_size=&#8220;36px&#8220; header_2_line_height=&#8220;1.4em&#8220; background_layout=&#8220;dark&#8220; custom_margin=&#8220;||5px|&#8220; custom_padding=&#8220;|||&#8220; animation_style=&#8220;fold&#8220; animation_direction=&#8220;bottom&#8220; animation_intensity_fold=&#8220;20%&#8220; animation_starting_opacity=&#8220;100%&#8220; locked=&#8220;off&#8220;]<\/p>\n<h2><span style=\"font-weight: 400;\">Ansprechend veredelt <\/span><\/h2>\n<p>[\/et_pb_text][et_pb_text _builder_version=&#8220;3.17.6&#8243; text_font=&#8220;||||||||&#8220; text_font_size=&#8220;17px&#8220; text_line_height=&#8220;1.8em&#8220; header_font=&#8220;||||||||&#8220; background_layout=&#8220;dark&#8220; max_width=&#8220;85%&#8220; module_alignment=&#8220;left&#8220; animation_style=&#8220;fold&#8220; animation_direction=&#8220;bottom&#8220; animation_intensity_fold=&#8220;20%&#8220; animation_starting_opacity=&#8220;100%&#8220;]<\/p>\n<p><span style=\"font-weight: 400;\">Gern individualisieren wir f\u00fcr Sie Anschreiben f\u00fcr den Versand von Brosch\u00fcren und Katalogen. Anstelle eines unbedruckten Fensterumschlags greifen Sie zu einer farbig bedruckten Variante, bei der Ihre Markenbotschaft schon aus dem Briefkasten gr\u00fc\u00dft. Oder Sie nutzen die Fl\u00e4che, um besonders hervorzuhebende Botschaften in den Vordergrund zu r\u00fccken. <\/span><\/p>\n<p>[\/et_pb_text][\/et_pb_column][et_pb_column type=&#8220;2_3&#8243; _builder_version=&#8220;3.0.47&#8243; padding_bottom=&#8220;500px&#8220; padding_left=&#8220;5%&#8220; padding_top=&#8220;110px&#8220; bg_img=&#8220;https:\/\/typestudio.de\/wp-content\/uploads\/2018\/07\/baptism-1885303_1920.jpg&#8220; parallax=&#8220;off&#8220; parallax_method=&#8220;on&#8220; use_background_color_gradient=&#8220;on&#8220; background_color_gradient_start=&#8220;rgba(0,0,0,0.67)&#8220; background_color_gradient_end=&#8220;rgba(0,0,0,0.15)&#8220; background_color_gradient_overlays_image=&#8220;on&#8220;][et_pb_text admin_label=&#8220;Title&#8220; _builder_version=&#8220;3.17.6&#8243; text_font=&#8220;||||||||&#8220; header_font=&#8220;||||||||&#8220; header_2_font=&#8220;Nunito||||||||&#8220; header_2_font_size=&#8220;36px&#8220; header_2_line_height=&#8220;1.4em&#8220; background_layout=&#8220;dark&#8220; custom_margin=&#8220;||5px|&#8220; custom_padding=&#8220;|||&#8220; animation_style=&#8220;fold&#8220; animation_direction=&#8220;bottom&#8220; animation_intensity_fold=&#8220;20%&#8220; animation_starting_opacity=&#8220;100%&#8220; locked=&#8220;off&#8220;]<\/p>\n<h2><span style=\"font-weight: 400;\">Einzigartiges schaffen <\/span><\/h2>\n<p>[\/et_pb_text][et_pb_text _builder_version=&#8220;3.17.6&#8243; text_font=&#8220;||||||||&#8220; text_font_size=&#8220;17px&#8220; text_line_height=&#8220;1.8em&#8220; header_font=&#8220;||||||||&#8220; background_layout=&#8220;dark&#8220; max_width=&#8220;70%&#8220; module_alignment=&#8220;left&#8220; animation_style=&#8220;fold&#8220; animation_direction=&#8220;bottom&#8220; animation_intensity_fold=&#8220;20%&#8220; animation_starting_opacity=&#8220;100%&#8220; locked=&#8220;off&#8220;]<\/p>\n<p><span style=\"font-weight: 400;\">Sie haben die Wahl und die M\u00f6glichkeit, aus Hunderten von Schriften und ansprechenden Papiersorten genau die Kombination auszusuchen, die zum Anlass passt. Gern unterst\u00fctzen wir Sie beim Schriftsatz, bei der Veredelung besonders hochwertiger Druckprodukte und bei der Weiterverarbeitung. So wird Ihr Druck-Erzeugnis zum Unikat und manche Einladung zur Erinnerung an eine unvergessliche Veranstaltung. <\/span><\/p>\n<p>[\/et_pb_text][\/et_pb_column][\/et_pb_row][\/et_pb_section][et_pb_section fb_built=&#8220;1&#8243; _builder_version=&#8220;3.6&#8243; background_color=&#8220;#ffffff&#8220; custom_padding=&#8220;54px|0px|54px|0px|true|false&#8220; global_module=&#8220;411&#8243;][et_pb_row make_fullwidth=&#8220;on&#8220; custom_padding=&#8220;30px|0px|4px|0px|false|false&#8220; _builder_version=&#8220;3.6&#8243;][et_pb_column type=&#8220;4_4&#8243; _builder_version=&#8220;3.0.47&#8243; parallax=&#8220;off&#8220; parallax_method=&#8220;on&#8220;][et_pb_text admin_label=&#8220;Title&#8220; _builder_version=&#8220;3.17.6&#8243; text_font=&#8220;Nunito||||||||&#8220; text_text_color=&#8220;#263954&#8243; text_font_size=&#8220;36px&#8220; text_line_height=&#8220;1.8em&#8220; header_font=&#8220;||||||||&#8220; header_2_font=&#8220;Nunito||||||||&#8220; header_2_text_align=&#8220;center&#8220; header_2_text_color=&#8220;#263954&#8243; header_2_font_size=&#8220;36px&#8220; header_2_line_height=&#8220;1.4em&#8220; text_orientation=&#8220;center&#8220; custom_margin=&#8220;||5px|&#8220; animation_style=&#8220;zoom&#8220; animation_direction=&#8220;bottom&#8220; animation_starting_opacity=&#8220;100%&#8220;]<\/p>\n<p>Das sagen unsere Kunden<\/p>\n<p>[\/et_pb_text][et_pb_divider color=&#8220;#e02b20&#8243; divider_position=&#8220;center&#8220; divider_weight=&#8220;2px&#8220; _builder_version=&#8220;3.6&#8243; max_width=&#8220;50px&#8220; module_alignment=&#8220;center&#8220;]<\/p>\n<p>&nbsp;<\/p>\n<p>[\/et_pb_divider][\/et_pb_column][\/et_pb_row][et_pb_row _builder_version=&#8220;3.6&#8243;][et_pb_column type=&#8220;4_4&#8243; _builder_version=&#8220;3.0.47&#8243; parallax=&#8220;off&#8220; parallax_method=&#8220;on&#8220;][et_pb_testimonial author=&#8220;Kathrin Dorn&#8220; job_title=&#8220;CO-Improve GmbH &#038; Co. KG&#8220; portrait_url=&#8220;https:\/\/typestudio.de\/wp-content\/uploads\/2018\/11\/Unbenannt-4.png&#8220; quote_icon_color=&#8220;#e02b20&#8243; quote_icon_background_color=&#8220;rgba(0,0,0,0)&#8220; portrait_width=&#8220;90px&#8220; portrait_height=&#8220;90px&#8220; _builder_version=&#8220;3.17.6&#8243; background_color=&#8220;#f2f2f2&#8243; border_radii_portrait=&#8220;on|0px|0px|0px|0px&#8220; box_shadow_style_image=&#8220;preset1&#8243;]<\/p>\n<p><i class=\"\"><span class=\"\">TypeStudio Evertz GmbH vereint Kompetenz, Schnelligkeit und Professionalit\u00e4t in einem. Dienstleistung und Kundenorientierung wird hier regelrecht gelebt. Egal welche Herausforderungen auf dem Druck-, Layout\u2013 und Gestaltungssektor, alles wird leistungsstark umgesetzt und das auch noch sehr charmant. Wer einen zuverl\u00e4ssigen und vertrauensvollen Dienstleistungspartner an seiner Seite oder in seinem Portfolio haben m\u00f6chte, ist hier genau richtig und definitiv empfehlenswert.<\/span><\/i><\/p>\n<p>[\/et_pb_testimonial][et_pb_testimonial author=&#8220;Birgit Zober&#8220; company_name=&#8220;Organisation Wilsede-Workshop&#8220; portrait_url=&#8220;https:\/\/typestudio.de\/wp-content\/uploads\/2018\/11\/Unbenannt-5.png&#8220; quote_icon_color=&#8220;#e02b20&#8243; quote_icon_background_color=&#8220;rgba(0,0,0,0)&#8220; _builder_version=&#8220;3.17.6&#8243; background_color=&#8220;#f2f2f2&#8243; border_radii_portrait=&#8220;on|0px|0px|0px|0px&#8220; box_shadow_style_image=&#8220;preset1&#8243; custom_margin=&#8220;|||&#8220;]<\/p>\n<p><em>TypeStudio Evertz GmbH \u2013 prima \u00a0Zusammenarbeit \u00a0und \u00a0sehr kundenorientiertes Vorgehen. Immer schnell, mitdenkend und kreativ in der Umsetzung von\u00a0Druckerzeugnissen. Ich bin jedesmal froh \u00fcber diese Zusammenarbeit. Biotest, Wilsede-Workshop Organisation.<\/em><\/p>\n<p>[\/et_pb_testimonial][et_pb_testimonial author=&#8220;Andreas Richter&#8220; company_name=&#8220;Logicalis GmbH&#8220; portrait_url=&#8220;https:\/\/typestudio.de\/wp-content\/uploads\/2018\/11\/Unbenannt-3-1.png&#8220; quote_icon_color=&#8220;#e02b20&#8243; quote_icon_background_color=&#8220;rgba(0,0,0,0)&#8220; _builder_version=&#8220;3.17.6&#8243; background_color=&#8220;#f2f2f2&#8243; border_radii_portrait=&#8220;on|0px|0px|0px|0px&#8220; box_shadow_style_image=&#8220;preset1&#8243; custom_margin=&#8220;|||&#8220;]<\/p>\n<p><em>Dynamisches Team, das Kampagnen &amp; Co. kreativ und z\u00fcgig umsetzt. Wir arbeiten seit vielen Jahren zusammen.<\/em><\/p>\n<p>[\/et_pb_testimonial][et_pb_button button_url=&#8220;\/kontakt\/&#8220; url_new_window=&#8220;on&#8220; button_text=&#8220;Jetzt Kontakt aufnehmen!&#8220; button_alignment=&#8220;center&#8220; _builder_version=&#8220;3.17.6&#8243; custom_button=&#8220;on&#8220; button_text_size=&#8220;20px&#8220; button_text_color=&#8220;#ffffff&#8220; button_bg_color=&#8220;#e02b20&#8243; button_border_width=&#8220;0px&#8220; button_font=&#8220;||||||||&#8220; button_text_shadow_style=&#8220;preset1&#8243; button_text_size__hover_enabled=&#8220;off&#8220; button_text_size__hover=&#8220;null&#8220; button_one_text_size__hover_enabled=&#8220;off&#8220; button_one_text_size__hover=&#8220;null&#8220; button_two_text_size__hover_enabled=&#8220;off&#8220; button_two_text_size__hover=&#8220;null&#8220; button_text_color__hover_enabled=&#8220;off&#8220; button_text_color__hover=&#8220;null&#8220; button_one_text_color__hover_enabled=&#8220;off&#8220; button_one_text_color__hover=&#8220;null&#8220; button_two_text_color__hover_enabled=&#8220;off&#8220; button_two_text_color__hover=&#8220;null&#8220; button_border_width__hover_enabled=&#8220;off&#8220; button_border_width__hover=&#8220;null&#8220; button_one_border_width__hover_enabled=&#8220;off&#8220; button_one_border_width__hover=&#8220;null&#8220; button_two_border_width__hover_enabled=&#8220;off&#8220; button_two_border_width__hover=&#8220;null&#8220; button_border_color__hover_enabled=&#8220;off&#8220; button_border_color__hover=&#8220;null&#8220; button_one_border_color__hover_enabled=&#8220;off&#8220; button_one_border_color__hover=&#8220;null&#8220; button_two_border_color__hover_enabled=&#8220;off&#8220; button_two_border_color__hover=&#8220;null&#8220; button_border_radius__hover_enabled=&#8220;off&#8220; button_border_radius__hover=&#8220;null&#8220; button_one_border_radius__hover_enabled=&#8220;off&#8220; button_one_border_radius__hover=&#8220;null&#8220; button_two_border_radius__hover_enabled=&#8220;off&#8220; button_two_border_radius__hover=&#8220;null&#8220; button_letter_spacing__hover_enabled=&#8220;off&#8220; button_letter_spacing__hover=&#8220;null&#8220; button_one_letter_spacing__hover_enabled=&#8220;off&#8220; button_one_letter_spacing__hover=&#8220;null&#8220; button_two_letter_spacing__hover_enabled=&#8220;off&#8220; button_two_letter_spacing__hover=&#8220;null&#8220; button_bg_color__hover_enabled=&#8220;off&#8220; button_bg_color__hover=&#8220;null&#8220; button_one_bg_color__hover_enabled=&#8220;off&#8220; button_one_bg_color__hover=&#8220;null&#8220; button_two_bg_color__hover_enabled=&#8220;off&#8220; button_two_bg_color__hover=&#8220;null&#8220;]<\/p>\n<p>&nbsp;<\/p>\n<p>[\/et_pb_button][\/et_pb_column][\/et_pb_row][\/et_pb_section][et_pb_section fb_built=&#8220;1&#8243; _builder_version=&#8220;3.6&#8243; background_color=&#8220;#ffffff&#8220; global_module=&#8220;412&#8243;][et_pb_row use_custom_width=&#8220;on&#8220; width_unit=&#8220;off&#8220; custom_width_percent=&#8220;100%&#8220; custom_padding=&#8220;27px|0px|12px|0px|false|false&#8220; _builder_version=&#8220;3.6&#8243;][et_pb_column type=&#8220;4_4&#8243; _builder_version=&#8220;3.0.47&#8243; parallax=&#8220;off&#8220; parallax_method=&#8220;on&#8220;][et_pb_image src=&#8220;https:\/\/typestudio.de\/wp-content\/uploads\/2018\/11\/TypeStudio_RGB_transparent-1.png&#8220; _builder_version=&#8220;3.6&#8243; max_width=&#8220;10%&#8220; max_width_phone=&#8220;60%&#8220; max_width_last_edited=&#8220;on|phone&#8220; module_alignment=&#8220;center&#8220;][\/et_pb_image][\/et_pb_column][\/et_pb_row][\/et_pb_section]<\/p>\n","protected":false},"excerpt":{"rendered":"<p>[et_pb_section fb_built=&#8220;1&#8243; admin_label=&#8220;Hero Section&#8220; _builder_version=&#8220;3.17.6&#8243; use_background_color_gradient=&#8220;on&#8220; background_color_gradient_start=&#8220;rgba(0,0,0,0.73)&#8220; background_color_gradient_end=&#8220;rgba(0,0,0,0)&#8220; background_color_gradient_direction=&#8220;151deg&#8220; background_color_gradient_overlays_image=&#8220;on&#8220; background_image=&#8220;https:\/\/typestudio.de\/wp-content\/uploads\/2018\/07\/desktop-1985856_1920.jpg&#8220; custom_margin=&#8220;|||&#8220; custom_padding=&#8220;6.6%||6.6%||true|false&#8220; animation_style=&#8220;fade&#8220;][et_pb_row custom_padding=&#8220;27px|0px|0|0px|false|false&#8220; _builder_version=&#8220;3.0.90&#8243;][et_pb_column type=&#8220;4_4&#8243; _builder_version=&#8220;3.0.47&#8243; parallax=&#8220;off&#8220; parallax_method=&#8220;on&#8220;][et_pb_text _builder_version=&#8220;3.0.90&#8243; text_font=&#8220;||||||||&#8220; text_font_size=&#8220;24px&#8220; text_line_height=&#8220;1.6em&#8220; header_font=&#8220;Nunito||||||||&#8220; header_font_size=&#8220;80px&#8220; header_font_size_phone=&#8220;48px&#8220; header_font_size_last_edited=&#8220;on|phone&#8220; header_line_height=&#8220;1.1em&#8220; header_2_font=&#8220;||||||||&#8220; text_orientation=&#8220;center&#8220; background_layout=&#8220;dark&#8220; module_alignment=&#8220;center&#8220;] Paper &amp; Type &nbsp; [\/et_pb_text][et_pb_button button_url=&#8220;\/kontakt\/&#8220; url_new_window=&#8220;on&#8220; button_text=&#8220;Jetzt Kontakt aufnehmen!&#8220; button_alignment=&#8220;center&#8220; _builder_version=&#8220;3.17.6&#8243; custom_button=&#8220;on&#8220; button_text_size=&#8220;20px&#8220; button_text_color=&#8220;#ffffff&#8220; button_bg_color=&#8220;#e02b20&#8243; button_border_width=&#8220;0px&#8220; button_font=&#8220;||||||||&#8220; button_text_shadow_style=&#8220;preset1&#8243; button_text_size__hover_enabled=&#8220;off&#8220; button_one_text_size__hover_enabled=&#8220;off&#8220; button_two_text_size__hover_enabled=&#8220;off&#8220; [&hellip;]<\/p>\n","protected":false},"author":1,"featured_media":0,"parent":0,"menu_order":0,"comment_status":"closed","ping_status":"closed","template":"","meta":{"_et_pb_use_builder":"on","_et_pb_old_content":"","footnotes":""},"class_list":["post-14","page","type-page","status-publish","hentry"],"_links":{"self":[{"href":"https:\/\/typestudio.de\/index.php?rest_route=\/wp\/v2\/pages\/14","targetHints":{"allow":["GET"]}}],"collection":[{"href":"https:\/\/typestudio.de\/index.php?rest_route=\/wp\/v2\/pages"}],"about":[{"href":"https:\/\/typestudio.de\/index.php?rest_route=\/wp\/v2\/types\/page"}],"author":[{"embeddable":true,"href":"https:\/\/typestudio.de\/index.php?rest_route=\/wp\/v2\/users\/1"}],"replies":[{"embeddable":true,"href":"https:\/\/typestudio.de\/index.php?rest_route=%2Fwp%2Fv2%2Fcomments&post=14"}],"version-history":[{"count":17,"href":"https:\/\/typestudio.de\/index.php?rest_route=\/wp\/v2\/pages\/14\/revisions"}],"predecessor-version":[{"id":838,"href":"https:\/\/typestudio.de\/index.php?rest_route=\/wp\/v2\/pages\/14\/revisions\/838"}],"wp:attachment":[{"href":"https:\/\/typestudio.de\/index.php?rest_route=%2Fwp%2Fv2%2Fmedia&parent=14"}],"curies":[{"name":"wp","href":"https:\/\/api.w.org\/{rel}","templated":true}]}}