{"id":12,"date":"2018-07-05T10:49:39","date_gmt":"2018-07-05T10:49:39","guid":{"rendered":"https:\/\/typestudio.de\/?page_id=12"},"modified":"2019-01-30T08:29:28","modified_gmt":"2019-01-30T08:29:28","slug":"service","status":"publish","type":"page","link":"https:\/\/typestudio.de\/?page_id=12","title":{"rendered":"Projektbegleitung"},"content":{"rendered":"<p>[et_pb_section fb_built=&#8220;1&#8243; admin_label=&#8220;Hero Section&#8220; _builder_version=&#8220;3.17.6&#8243; use_background_color_gradient=&#8220;on&#8220; background_color_gradient_start=&#8220;rgba(0,0,0,0.73)&#8220; background_color_gradient_end=&#8220;rgba(0,0,0,0)&#8220; background_color_gradient_direction=&#8220;151deg&#8220; background_color_gradient_overlays_image=&#8220;on&#8220; background_image=&#8220;https:\/\/typestudio.de\/wp-content\/uploads\/2018\/07\/consulting-3031678_1920.jpg&#8220; custom_margin=&#8220;|||&#8220; custom_padding=&#8220;6.6%||6.6%||true|false&#8220; animation_style=&#8220;fade&#8220;][et_pb_row custom_padding=&#8220;27px|0px|0|0px|false|false&#8220; _builder_version=&#8220;3.0.90&#8243;][et_pb_column type=&#8220;4_4&#8243; _builder_version=&#8220;3.0.47&#8243; parallax=&#8220;off&#8220; parallax_method=&#8220;on&#8220;][et_pb_text _builder_version=&#8220;3.0.90&#8243; text_font=&#8220;||||||||&#8220; text_font_size=&#8220;24px&#8220; text_line_height=&#8220;1.6em&#8220; header_font=&#8220;Nunito||||||||&#8220; header_font_size=&#8220;80px&#8220; header_font_size_phone=&#8220;48px&#8220; header_font_size_last_edited=&#8220;on|phone&#8220; header_line_height=&#8220;1.1em&#8220; header_2_font=&#8220;||||||||&#8220; text_orientation=&#8220;center&#8220; background_layout=&#8220;dark&#8220; module_alignment=&#8220;center&#8220;]<\/p>\n<h1>Projektbegleitung<\/h1>\n<p>&nbsp;<\/p>\n<p>[\/et_pb_text][et_pb_button button_url=&#8220;\/kontakt\/&#8220; url_new_window=&#8220;on&#8220; button_text=&#8220;Jetzt Kontakt aufnehmen!&#8220; button_alignment=&#8220;center&#8220; _builder_version=&#8220;3.17.6&#8243; custom_button=&#8220;on&#8220; button_text_size=&#8220;20px&#8220; button_text_color=&#8220;#ffffff&#8220; button_bg_color=&#8220;#e02b20&#8243; button_border_width=&#8220;0px&#8220; button_font=&#8220;||||||||&#8220; button_text_shadow_style=&#8220;preset1&#8243; button_text_size__hover_enabled=&#8220;off&#8220; button_one_text_size__hover_enabled=&#8220;off&#8220; button_two_text_size__hover_enabled=&#8220;off&#8220; button_text_color__hover_enabled=&#8220;off&#8220; button_one_text_color__hover_enabled=&#8220;off&#8220; button_two_text_color__hover_enabled=&#8220;off&#8220; button_border_width__hover_enabled=&#8220;off&#8220; button_one_border_width__hover_enabled=&#8220;off&#8220; button_two_border_width__hover_enabled=&#8220;off&#8220; button_border_color__hover_enabled=&#8220;off&#8220; button_one_border_color__hover_enabled=&#8220;off&#8220; button_two_border_color__hover_enabled=&#8220;off&#8220; button_border_radius__hover_enabled=&#8220;off&#8220; button_one_border_radius__hover_enabled=&#8220;off&#8220; button_two_border_radius__hover_enabled=&#8220;off&#8220; button_letter_spacing__hover_enabled=&#8220;off&#8220; button_one_letter_spacing__hover_enabled=&#8220;off&#8220; button_two_letter_spacing__hover_enabled=&#8220;off&#8220; button_bg_color__hover_enabled=&#8220;off&#8220; button_one_bg_color__hover_enabled=&#8220;off&#8220; button_two_bg_color__hover_enabled=&#8220;off&#8220;]<\/p>\n<p>&nbsp;<\/p>\n<p>[\/et_pb_button][\/et_pb_column][\/et_pb_row][\/et_pb_section][et_pb_section fb_built=&#8220;1&#8243; admin_label=&#8220;Explore Story Section&#8220; _builder_version=&#8220;3.6&#8243; border_color_top=&#8220;#f7f7f7&#8243; border_color_bottom=&#8220;#f7f7f7&#8243; custom_padding=&#8220;54px||54px||true|false&#8220;][et_pb_row use_custom_width=&#8220;on&#8220; width_unit=&#8220;off&#8220; custom_width_percent=&#8220;100%&#8220; custom_padding=&#8220;0||0||false|false&#8220; admin_label=&#8220;Text Area&#8220; _builder_version=&#8220;3.6&#8243;][et_pb_column type=&#8220;4_4&#8243; _builder_version=&#8220;3.0.47&#8243; parallax=&#8220;off&#8220; parallax_method=&#8220;on&#8220;][et_pb_text admin_label=&#8220;Title&#8220; _builder_version=&#8220;3.6&#8243; text_font=&#8220;||||||||&#8220; header_font=&#8220;||||||||&#8220; header_2_font=&#8220;Nunito||||||||&#8220; header_2_text_align=&#8220;center&#8220; header_2_text_color=&#8220;#263954&#8243; header_2_font_size=&#8220;36px&#8220; header_2_line_height=&#8220;1.4em&#8220; custom_margin=&#8220;||5px|&#8220; animation_style=&#8220;zoom&#8220; animation_direction=&#8220;bottom&#8220; animation_starting_opacity=&#8220;100%&#8220;]<\/p>\n<h2>Consulting &#8211;\u00a0Ein starker Partner an Ihrer Seite<\/h2>\n<p>[\/et_pb_text][et_pb_divider color=&#8220;#e02b20&#8243; divider_position=&#8220;center&#8220; divider_weight=&#8220;2px&#8220; _builder_version=&#8220;3.6&#8243; max_width=&#8220;50px&#8220; module_alignment=&#8220;center&#8220;]<br \/>\n[\/et_pb_divider][\/et_pb_column][\/et_pb_row][et_pb_row use_custom_width=&#8220;on&#8220; width_unit=&#8220;off&#8220; custom_width_percent=&#8220;55%&#8220; custom_padding=&#8220;20px||0||false|false&#8220; admin_label=&#8220;Text Area&#8220; _builder_version=&#8220;3.17.6&#8243;][et_pb_column type=&#8220;4_4&#8243; _builder_version=&#8220;3.0.47&#8243; parallax=&#8220;off&#8220; parallax_method=&#8220;on&#8220;][et_pb_text _builder_version=&#8220;3.17.6&#8243; text_font=&#8220;||||||||&#8220; text_text_color=&#8220;#777777&#8243; text_font_size=&#8220;17px&#8220; text_line_height=&#8220;1.8em&#8220; header_font=&#8220;||||||||&#8220; module_alignment=&#8220;center&#8220; animation_style=&#8220;fold&#8220; animation_direction=&#8220;bottom&#8220; animation_intensity_fold=&#8220;20%&#8220; animation_starting_opacity=&#8220;100%&#8220;]<\/p>\n<p style=\"text-align: justify;\"><span style=\"font-weight: 400;\">Nutzen Sie unser Beratungsangebot f\u00fcr die Gestaltung und Erstellung Ihrer <span style=\"color: #666666;\"><a href=\"https:\/\/typestudio.de\/print\/\" title=\"Print und Druckprodukte\" style=\"color: #666666;\">Print<\/a><\/span>&#8211; oder Digitalprodukte. Die <strong>Projektbegleitung<\/strong> f\u00fchrt Sie sicher durch die gesamte Prozesskette vom Layout \u00fcber den Druck bis hin zur Auslieferung an den Ort Ihrer Wahl. Gern entwerfen wir f\u00fcr Sie ein einpr\u00e4gsames Logo, beraten Sie zu Werbemitteln und begleiten die Herstellung. Dabei behalten wir jeden Prozessschritt genau im Auge, \u00fcberwachen Termine und weisen rechtzeitig auf eventuell auftretende Probleme hin.\u00a0<\/span><\/p>\n<p>[\/et_pb_text][\/et_pb_column][\/et_pb_row][\/et_pb_section][et_pb_section fb_built=&#8220;1&#8243; admin_label=&#8220;Feature Section&#8220; _builder_version=&#8220;3.6&#8243; use_background_color_gradient=&#8220;on&#8220; background_color_gradient_start=&#8220;rgba(0,0,0,0.4)&#8220; background_color_gradient_end=&#8220;rgba(0,0,0,0.8)&#8220; background_color_gradient_direction=&#8220;110deg&#8220; background_color_gradient_overlays_image=&#8220;on&#8220; background_image=&#8220;https:\/\/typestudio.de\/wp-content\/uploads\/2018\/07\/post-it-1079361_1920.jpg&#8220; custom_padding=&#8220;90px||90px||true|false&#8220;][et_pb_row admin_label=&#8220;Feature 01&#8243; _builder_version=&#8220;3.6&#8243;][et_pb_column type=&#8220;1_3&#8243; _builder_version=&#8220;3.0.47&#8243; parallax=&#8220;off&#8220; parallax_method=&#8220;on&#8220;][\/et_pb_column][et_pb_column type=&#8220;1_3&#8243; _builder_version=&#8220;3.0.47&#8243; parallax=&#8220;off&#8220; parallax_method=&#8220;on&#8220;][\/et_pb_column][et_pb_column type=&#8220;1_3&#8243; _builder_version=&#8220;3.0.47&#8243; parallax=&#8220;off&#8220; parallax_method=&#8220;on&#8220;][et_pb_text admin_label=&#8220;Title&#8220; _builder_version=&#8220;3.17.6&#8243; text_font=&#8220;||||||||&#8220; header_font=&#8220;||||||||&#8220; header_2_font=&#8220;Nunito||||||||&#8220; header_2_font_size=&#8220;36px&#8220; header_2_line_height=&#8220;1.4em&#8220; background_layout=&#8220;dark&#8220; module_alignment=&#8220;right&#8220; custom_margin=&#8220;||-30px|&#8220; custom_padding=&#8220;|||&#8220; animation_style=&#8220;fold&#8220; animation_direction=&#8220;bottom&#8220; animation_intensity_fold=&#8220;20%&#8220; animation_starting_opacity=&#8220;100%&#8220;]<\/p>\n<h2><span style=\"font-weight: 400;\">Alle Chancen nutzen <\/span><\/h2>\n<p>[\/et_pb_text][et_pb_text _builder_version=&#8220;3.17.6&#8243; text_font=&#8220;||||||||&#8220; text_font_size=&#8220;15px&#8220; text_line_height=&#8220;1.8em&#8220; header_font=&#8220;||||||||&#8220; background_layout=&#8220;dark&#8220; module_alignment=&#8220;right&#8220; animation_style=&#8220;fold&#8220; animation_direction=&#8220;bottom&#8220; animation_intensity_fold=&#8220;20%&#8220; animation_starting_opacity=&#8220;100%&#8220;]<\/p>\n<p>&nbsp;<\/p>\n<p><span style=\"font-weight: 400;\">Schon kleinste Unstimmigkeiten sind geeignet, einen engen Terminplan zu sprengen. Im Rahmen der Projektbegleitung \u00fcbernehmen wir die Verantwortung f\u00fcr den Ablauf und die p\u00fcnktliche Lieferung Ihrer\u00a0Druck-Produkte. Das gelingt dank eigener Produktionsst\u00e4tten reibungslos. Ein strukturiertes Partner-Netzwerk unterst\u00fctzt uns immer dann, wenn die eigenen Kapazit\u00e4ten an ihre Grenzen geraten oder Leistungen gew\u00fcnscht sind, f\u00fcr die sich andere als Spezialisten empfehlen. Consulting bedeutet auch, dass unsere Kunden genau wissen, was umsetzbar ist und wo sich Einsparungspotenzial ergibt. <\/span><\/p>\n<p>[\/et_pb_text][\/et_pb_column][\/et_pb_row][\/et_pb_section][et_pb_section fb_built=&#8220;1&#8243; admin_label=&#8220;Explore Story Section&#8220; _builder_version=&#8220;3.6&#8243; border_color_top=&#8220;#f7f7f7&#8243; border_color_bottom=&#8220;#f7f7f7&#8243; custom_padding=&#8220;54px||54px||true|false&#8220;][et_pb_row use_custom_width=&#8220;on&#8220; width_unit=&#8220;off&#8220; custom_width_percent=&#8220;100%&#8220; custom_padding=&#8220;0||0||false|false&#8220; admin_label=&#8220;Text Area&#8220; _builder_version=&#8220;3.6&#8243;][et_pb_column type=&#8220;4_4&#8243; _builder_version=&#8220;3.0.47&#8243; parallax=&#8220;off&#8220; parallax_method=&#8220;on&#8220;][et_pb_text admin_label=&#8220;Title&#8220; _builder_version=&#8220;3.6&#8243; text_font=&#8220;||||||||&#8220; header_font=&#8220;||||||||&#8220; header_2_font=&#8220;Nunito||||||||&#8220; header_2_text_align=&#8220;center&#8220; header_2_text_color=&#8220;#263954&#8243; header_2_font_size=&#8220;36px&#8220; header_2_line_height=&#8220;1.4em&#8220; custom_margin=&#8220;||5px|&#8220; animation_style=&#8220;zoom&#8220; animation_direction=&#8220;bottom&#8220; animation_starting_opacity=&#8220;100%&#8220;]<\/p>\n<h2><span>Professionell von der Auftragsvergabe bis zur Lieferung<\/span><\/h2>\n<p>[\/et_pb_text][et_pb_divider color=&#8220;#e02b20&#8243; divider_position=&#8220;center&#8220; divider_weight=&#8220;2px&#8220; _builder_version=&#8220;3.6&#8243; max_width=&#8220;50px&#8220; module_alignment=&#8220;center&#8220;]<br \/>\n[\/et_pb_divider][\/et_pb_column][\/et_pb_row][et_pb_row use_custom_width=&#8220;on&#8220; width_unit=&#8220;off&#8220; custom_width_percent=&#8220;55%&#8220; custom_padding=&#8220;20px||0||false|false&#8220; admin_label=&#8220;Text Area&#8220; _builder_version=&#8220;3.6&#8243;][et_pb_column type=&#8220;4_4&#8243; _builder_version=&#8220;3.0.47&#8243; parallax=&#8220;off&#8220; parallax_method=&#8220;on&#8220;][et_pb_text _builder_version=&#8220;3.17.6&#8243; text_font=&#8220;||||||||&#8220; text_text_color=&#8220;#777777&#8243; text_font_size=&#8220;17px&#8220; text_line_height=&#8220;1.8em&#8220; header_font=&#8220;||||||||&#8220; module_alignment=&#8220;center&#8220; animation_style=&#8220;fold&#8220; animation_direction=&#8220;bottom&#8220; animation_intensity_fold=&#8220;20%&#8220; animation_starting_opacity=&#8220;100%&#8220;]<\/p>\n<p style=\"text-align: justify;\"><span style=\"font-weight: 400;\">Technische Experten begleiten Ihren Design- und Druckauftrag von Anfang an. Dank Print Management erhalten Sie von uns genau die Marketingmittel, die Ihr Produkt oder Ihre Dienstleistung bestm\u00f6glich bewerben. Dabei nutzen wir nur zuverl\u00e4ssige Partner, deren Leistung wir kennen und deren Qualit\u00e4t unseren Anspr\u00fcchen gen\u00fcgt. Das betrifft auch die Projektsteuerung der Lieferkette. Im Interesse einer reibungslosen Abwicklung setzen wir stets auf eine transparente Kostenstruktur. Wie viel Budget Sie f\u00fcr Ihr Projekt einplanen m\u00fcssen, wissen Sie praktisch sofort.\u00a0<\/span><\/p>\n<p style=\"text-align: justify;\"><span style=\"font-weight: 400;\">Sichere Prozesse und eine ausf\u00fchrliche Beratung gew\u00e4hrleisten optimale Ergebnisse. Ihre Printprodukte wie Brosch\u00fcren und Werbeartikel sind bei uns in guten H\u00e4nden. Die Begleitung Ihres Projekts durch erfahrene Mitarbeiter sch\u00fctzt vor unangenehmen \u00dcberraschungen und minimiert R\u00fcckfragen auf ein \u00fcberschaubares Ma\u00df. Ein verantwortungsvoller Umgang mit Ihren Budget- und Zeitvorgaben entspricht deshalb unserem Selbstverst\u00e4ndnis. W\u00e4hrend Sie sich mit Ihren Kernaufgaben besch\u00e4ftigen, machen wir <span style=\"color: #e02b20;\"><a href=\"https:\/\/typestudio.de\/design\/\" style=\"color: #e02b20;\">Design<\/a><\/span>, Satz und Druck.<\/span><\/p>\n<p>[\/et_pb_text][\/et_pb_column][\/et_pb_row][\/et_pb_section][et_pb_section fb_built=&#8220;1&#8243; _builder_version=&#8220;3.6&#8243; background_color=&#8220;#ffffff&#8220; custom_padding=&#8220;54px|0px|54px|0px|true|false&#8220; global_module=&#8220;411&#8243;][et_pb_row make_fullwidth=&#8220;on&#8220; custom_padding=&#8220;30px|0px|4px|0px|false|false&#8220; _builder_version=&#8220;3.6&#8243;][et_pb_column type=&#8220;4_4&#8243; _builder_version=&#8220;3.0.47&#8243; parallax=&#8220;off&#8220; parallax_method=&#8220;on&#8220;][et_pb_text admin_label=&#8220;Title&#8220; _builder_version=&#8220;3.17.6&#8243; text_font=&#8220;Nunito||||||||&#8220; text_text_color=&#8220;#263954&#8243; text_font_size=&#8220;36px&#8220; text_line_height=&#8220;1.8em&#8220; header_font=&#8220;||||||||&#8220; header_2_font=&#8220;Nunito||||||||&#8220; header_2_text_align=&#8220;center&#8220; header_2_text_color=&#8220;#263954&#8243; header_2_font_size=&#8220;36px&#8220; header_2_line_height=&#8220;1.4em&#8220; text_orientation=&#8220;center&#8220; custom_margin=&#8220;||5px|&#8220; animation_style=&#8220;zoom&#8220; animation_direction=&#8220;bottom&#8220; animation_starting_opacity=&#8220;100%&#8220;]<\/p>\n<p>Das sagen unsere Kunden<\/p>\n<p>[\/et_pb_text][et_pb_divider color=&#8220;#e02b20&#8243; divider_position=&#8220;center&#8220; divider_weight=&#8220;2px&#8220; _builder_version=&#8220;3.6&#8243; max_width=&#8220;50px&#8220; module_alignment=&#8220;center&#8220;]<\/p>\n<p>&nbsp;<\/p>\n<p>[\/et_pb_divider][\/et_pb_column][\/et_pb_row][et_pb_row _builder_version=&#8220;3.6&#8243;][et_pb_column type=&#8220;4_4&#8243; _builder_version=&#8220;3.0.47&#8243; parallax=&#8220;off&#8220; parallax_method=&#8220;on&#8220;][et_pb_testimonial author=&#8220;Kathrin Dorn&#8220; job_title=&#8220;CO-Improve GmbH &#038; Co. KG&#8220; portrait_url=&#8220;https:\/\/typestudio.de\/wp-content\/uploads\/2018\/11\/Unbenannt-4.png&#8220; quote_icon_color=&#8220;#e02b20&#8243; quote_icon_background_color=&#8220;rgba(0,0,0,0)&#8220; portrait_width=&#8220;90px&#8220; portrait_height=&#8220;90px&#8220; _builder_version=&#8220;3.17.6&#8243; background_color=&#8220;#f2f2f2&#8243; border_radii_portrait=&#8220;on|0px|0px|0px|0px&#8220; box_shadow_style_image=&#8220;preset1&#8243;]<\/p>\n<p><i class=\"\"><span class=\"\">TypeStudio Evertz GmbH vereint Kompetenz, Schnelligkeit und Professionalit\u00e4t in einem. Dienstleistung und Kundenorientierung wird hier regelrecht gelebt. Egal welche Herausforderungen auf dem Druck-, Layout\u2013 und Gestaltungssektor, alles wird leistungsstark umgesetzt und das auch noch sehr charmant. Wer einen zuverl\u00e4ssigen und vertrauensvollen Dienstleistungspartner an seiner Seite oder in seinem Portfolio haben m\u00f6chte, ist hier genau richtig und definitiv empfehlenswert.<\/span><\/i><\/p>\n<p>[\/et_pb_testimonial][et_pb_testimonial author=&#8220;Birgit Zober&#8220; company_name=&#8220;Organisation Wilsede-Workshop&#8220; portrait_url=&#8220;https:\/\/typestudio.de\/wp-content\/uploads\/2018\/11\/Unbenannt-5.png&#8220; quote_icon_color=&#8220;#e02b20&#8243; quote_icon_background_color=&#8220;rgba(0,0,0,0)&#8220; _builder_version=&#8220;3.17.6&#8243; background_color=&#8220;#f2f2f2&#8243; border_radii_portrait=&#8220;on|0px|0px|0px|0px&#8220; box_shadow_style_image=&#8220;preset1&#8243; custom_margin=&#8220;|||&#8220;]<\/p>\n<p><em>TypeStudio Evertz GmbH \u2013 prima \u00a0Zusammenarbeit \u00a0und \u00a0sehr kundenorientiertes Vorgehen. Immer schnell, mitdenkend und kreativ in der Umsetzung von\u00a0Druckerzeugnissen. Ich bin jedesmal froh \u00fcber diese Zusammenarbeit. Biotest, Wilsede-Workshop Organisation.<\/em><\/p>\n<p>[\/et_pb_testimonial][et_pb_testimonial author=&#8220;Andreas Richter&#8220; company_name=&#8220;Logicalis GmbH&#8220; portrait_url=&#8220;https:\/\/typestudio.de\/wp-content\/uploads\/2018\/11\/Unbenannt-3-1.png&#8220; quote_icon_color=&#8220;#e02b20&#8243; quote_icon_background_color=&#8220;rgba(0,0,0,0)&#8220; _builder_version=&#8220;3.17.6&#8243; background_color=&#8220;#f2f2f2&#8243; border_radii_portrait=&#8220;on|0px|0px|0px|0px&#8220; box_shadow_style_image=&#8220;preset1&#8243; custom_margin=&#8220;|||&#8220;]<\/p>\n<p><em>Dynamisches Team, das Kampagnen &amp; Co. kreativ und z\u00fcgig umsetzt. Wir arbeiten seit vielen Jahren zusammen.<\/em><\/p>\n<p>[\/et_pb_testimonial][et_pb_button button_url=&#8220;\/kontakt\/&#8220; url_new_window=&#8220;on&#8220; button_text=&#8220;Jetzt Kontakt aufnehmen!&#8220; button_alignment=&#8220;center&#8220; _builder_version=&#8220;3.17.6&#8243; custom_button=&#8220;on&#8220; button_text_size=&#8220;20px&#8220; button_text_color=&#8220;#ffffff&#8220; button_bg_color=&#8220;#e02b20&#8243; button_border_width=&#8220;0px&#8220; button_font=&#8220;||||||||&#8220; button_text_shadow_style=&#8220;preset1&#8243; button_text_size__hover_enabled=&#8220;off&#8220; button_text_size__hover=&#8220;null&#8220; button_one_text_size__hover_enabled=&#8220;off&#8220; button_one_text_size__hover=&#8220;null&#8220; button_two_text_size__hover_enabled=&#8220;off&#8220; button_two_text_size__hover=&#8220;null&#8220; button_text_color__hover_enabled=&#8220;off&#8220; button_text_color__hover=&#8220;null&#8220; button_one_text_color__hover_enabled=&#8220;off&#8220; button_one_text_color__hover=&#8220;null&#8220; button_two_text_color__hover_enabled=&#8220;off&#8220; button_two_text_color__hover=&#8220;null&#8220; button_border_width__hover_enabled=&#8220;off&#8220; button_border_width__hover=&#8220;null&#8220; button_one_border_width__hover_enabled=&#8220;off&#8220; button_one_border_width__hover=&#8220;null&#8220; button_two_border_width__hover_enabled=&#8220;off&#8220; button_two_border_width__hover=&#8220;null&#8220; button_border_color__hover_enabled=&#8220;off&#8220; button_border_color__hover=&#8220;null&#8220; button_one_border_color__hover_enabled=&#8220;off&#8220; button_one_border_color__hover=&#8220;null&#8220; button_two_border_color__hover_enabled=&#8220;off&#8220; button_two_border_color__hover=&#8220;null&#8220; button_border_radius__hover_enabled=&#8220;off&#8220; button_border_radius__hover=&#8220;null&#8220; button_one_border_radius__hover_enabled=&#8220;off&#8220; button_one_border_radius__hover=&#8220;null&#8220; button_two_border_radius__hover_enabled=&#8220;off&#8220; button_two_border_radius__hover=&#8220;null&#8220; button_letter_spacing__hover_enabled=&#8220;off&#8220; button_letter_spacing__hover=&#8220;null&#8220; button_one_letter_spacing__hover_enabled=&#8220;off&#8220; button_one_letter_spacing__hover=&#8220;null&#8220; button_two_letter_spacing__hover_enabled=&#8220;off&#8220; button_two_letter_spacing__hover=&#8220;null&#8220; button_bg_color__hover_enabled=&#8220;off&#8220; button_bg_color__hover=&#8220;null&#8220; button_one_bg_color__hover_enabled=&#8220;off&#8220; button_one_bg_color__hover=&#8220;null&#8220; button_two_bg_color__hover_enabled=&#8220;off&#8220; button_two_bg_color__hover=&#8220;null&#8220;]<\/p>\n<p>&nbsp;<\/p>\n<p>[\/et_pb_button][\/et_pb_column][\/et_pb_row][\/et_pb_section][et_pb_section fb_built=&#8220;1&#8243; _builder_version=&#8220;3.6&#8243; background_color=&#8220;#ffffff&#8220; global_module=&#8220;412&#8243;][et_pb_row use_custom_width=&#8220;on&#8220; width_unit=&#8220;off&#8220; custom_width_percent=&#8220;100%&#8220; custom_padding=&#8220;27px|0px|12px|0px|false|false&#8220; _builder_version=&#8220;3.6&#8243;][et_pb_column type=&#8220;4_4&#8243; _builder_version=&#8220;3.0.47&#8243; parallax=&#8220;off&#8220; parallax_method=&#8220;on&#8220;][et_pb_image src=&#8220;https:\/\/typestudio.de\/wp-content\/uploads\/2018\/11\/TypeStudio_RGB_transparent-1.png&#8220; _builder_version=&#8220;3.6&#8243; max_width=&#8220;10%&#8220; max_width_phone=&#8220;60%&#8220; max_width_last_edited=&#8220;on|phone&#8220; module_alignment=&#8220;center&#8220;][\/et_pb_image][\/et_pb_column][\/et_pb_row][\/et_pb_section]<\/p>\n","protected":false},"excerpt":{"rendered":"<p>[et_pb_section fb_built=&#8220;1&#8243; admin_label=&#8220;Hero Section&#8220; _builder_version=&#8220;3.17.6&#8243; use_background_color_gradient=&#8220;on&#8220; background_color_gradient_start=&#8220;rgba(0,0,0,0.73)&#8220; background_color_gradient_end=&#8220;rgba(0,0,0,0)&#8220; background_color_gradient_direction=&#8220;151deg&#8220; background_color_gradient_overlays_image=&#8220;on&#8220; background_image=&#8220;https:\/\/typestudio.de\/wp-content\/uploads\/2018\/07\/consulting-3031678_1920.jpg&#8220; custom_margin=&#8220;|||&#8220; custom_padding=&#8220;6.6%||6.6%||true|false&#8220; animation_style=&#8220;fade&#8220;][et_pb_row custom_padding=&#8220;27px|0px|0|0px|false|false&#8220; _builder_version=&#8220;3.0.90&#8243;][et_pb_column type=&#8220;4_4&#8243; _builder_version=&#8220;3.0.47&#8243; parallax=&#8220;off&#8220; parallax_method=&#8220;on&#8220;][et_pb_text _builder_version=&#8220;3.0.90&#8243; text_font=&#8220;||||||||&#8220; text_font_size=&#8220;24px&#8220; text_line_height=&#8220;1.6em&#8220; header_font=&#8220;Nunito||||||||&#8220; header_font_size=&#8220;80px&#8220; header_font_size_phone=&#8220;48px&#8220; header_font_size_last_edited=&#8220;on|phone&#8220; header_line_height=&#8220;1.1em&#8220; header_2_font=&#8220;||||||||&#8220; text_orientation=&#8220;center&#8220; background_layout=&#8220;dark&#8220; module_alignment=&#8220;center&#8220;] Projektbegleitung &nbsp; [\/et_pb_text][et_pb_button button_url=&#8220;\/kontakt\/&#8220; url_new_window=&#8220;on&#8220; button_text=&#8220;Jetzt Kontakt aufnehmen!&#8220; button_alignment=&#8220;center&#8220; _builder_version=&#8220;3.17.6&#8243; custom_button=&#8220;on&#8220; button_text_size=&#8220;20px&#8220; button_text_color=&#8220;#ffffff&#8220; button_bg_color=&#8220;#e02b20&#8243; button_border_width=&#8220;0px&#8220; button_font=&#8220;||||||||&#8220; button_text_shadow_style=&#8220;preset1&#8243; button_text_size__hover_enabled=&#8220;off&#8220; button_one_text_size__hover_enabled=&#8220;off&#8220; button_two_text_size__hover_enabled=&#8220;off&#8220; button_text_color__hover_enabled=&#8220;off&#8220; button_one_text_color__hover_enabled=&#8220;off&#8220; [&hellip;]<\/p>\n","protected":false},"author":1,"featured_media":0,"parent":0,"menu_order":0,"comment_status":"closed","ping_status":"closed","template":"","meta":{"_et_pb_use_builder":"on","_et_pb_old_content":"","footnotes":""},"class_list":["post-12","page","type-page","status-publish","hentry"],"_links":{"self":[{"href":"https:\/\/typestudio.de\/index.php?rest_route=\/wp\/v2\/pages\/12","targetHints":{"allow":["GET"]}}],"collection":[{"href":"https:\/\/typestudio.de\/index.php?rest_route=\/wp\/v2\/pages"}],"about":[{"href":"https:\/\/typestudio.de\/index.php?rest_route=\/wp\/v2\/types\/page"}],"author":[{"embeddable":true,"href":"https:\/\/typestudio.de\/index.php?rest_route=\/wp\/v2\/users\/1"}],"replies":[{"embeddable":true,"href":"https:\/\/typestudio.de\/index.php?rest_route=%2Fwp%2Fv2%2Fcomments&post=12"}],"version-history":[{"count":28,"href":"https:\/\/typestudio.de\/index.php?rest_route=\/wp\/v2\/pages\/12\/revisions"}],"predecessor-version":[{"id":823,"href":"https:\/\/typestudio.de\/index.php?rest_route=\/wp\/v2\/pages\/12\/revisions\/823"}],"wp:attachment":[{"href":"https:\/\/typestudio.de\/index.php?rest_route=%2Fwp%2Fv2%2Fmedia&parent=12"}],"curies":[{"name":"wp","href":"https:\/\/api.w.org\/{rel}","templated":true}]}}